{"id":3,"date":"2019-04-03T11:31:26","date_gmt":"2019-04-03T09:31:26","guid":{"rendered":"http:\/\/www.energies-territoires.com\/?page_id=3"},"modified":"2021-04-29T15:57:33","modified_gmt":"2021-04-29T13:57:33","slug":"politique-de-confidentialite","status":"publish","type":"page","link":"https:\/\/www.energies-territoires.com\/index.php\/politique-de-confidentialite\/","title":{"rendered":"Politique de confidentialit\u00e9"},"content":{"rendered":"\n<h1><a>POLITIQUE DE CONFIDENTIALITE<\/a><\/h1>\n\n\n\n<h1><a>Energies Territoires<\/a><\/h1>\n\n\n\n<p>La pr\u00e9sente politique de confidentialit\u00e9 a pour vocation de vous aider \u00e0 comprendre comment sont collect\u00e9es, trait\u00e9es et conserv\u00e9es vos donn\u00e9es personnelles par Energies Territoires.<\/p>\n\n\n\n<p>La liste ci-dessous reproduit les diff\u00e9rentes sections de de cette politique de confidentialit\u00e9, vous pouvez cliquer directement sur les titres ci-dessous afin d\u2019acc\u00e9der \u00e0 une section sp\u00e9cifique de la pr\u00e9sente politique de confidentialit\u00e9.<\/p>\n\n\n\n<p><a href=\"#_Toc511931513\">1-&nbsp;&nbsp; Responsable de traitement \/ Contact. 2<\/a><\/p>\n\n\n\n<p><a href=\"#_Toc511931514\">2-&nbsp;&nbsp; Quand sont collect\u00e9es vos donn\u00e9es personnelles ?. 2<\/a><\/p>\n\n\n\n<p><a href=\"#_Toc511931515\">3-&nbsp;&nbsp; Traitements de donn\u00e9es personnelles r\u00e9alis\u00e9s par Energies Territoires. 2<\/a><\/p>\n\n\n\n<p><a href=\"#_Toc511931516\">4-&nbsp;&nbsp; Destinataires des donn\u00e9es personnelles 3<\/a><\/p>\n\n\n\n<p><a href=\"#_Toc511931517\">5-&nbsp;&nbsp; Comment seront h\u00e9berg\u00e9es vos donn\u00e9es&nbsp;personnelles ?. 4<\/a><\/p>\n\n\n\n<p><a href=\"#_Toc511931518\">6-&nbsp;&nbsp; Dur\u00e9e de conservation du traitement de donn\u00e9es personnelles 4<\/a><\/p>\n\n\n\n<p><a href=\"#_Toc511931519\">7-&nbsp;&nbsp; Exercice des droits l\u00e9gaux. 4<\/a><\/p>\n\n\n\n<h1><a>1-&nbsp;&nbsp;&nbsp; <u>Responsable de traitement et le DPO\/ Contact<\/u><\/a><\/h1>\n\n\n\n<p>La pr\u00e9sente politique de confidentialit\u00e9 a pour vocation de vous aider \u00e0 comprendre comment sont collect\u00e9es, trait\u00e9es et conserv\u00e9es vos donn\u00e9es personnelles par Energies Territoires (ci-apr\u00e8s \u00a0\u00bb Energies Territoires \u00ab\u00a0, \u00ab\u00a0<strong>nous<\/strong> \u00ab\u00a0, \u00a0\u00bb <strong>notre<\/strong> \u00a0\u00bb et \u00a0\u00bb <strong>nos<\/strong> \u00ab\u00a0)), responsable du traitement au sens de la r\u00e9glementation europ\u00e9enne en mati\u00e8re de protection des donn\u00e9es \u00e0 caract\u00e8re personnel, soci\u00e9t\u00e9 Energies Territoires soci\u00e9t\u00e9&nbsp; EURL&nbsp; au capital de 1000 euros, inscrite au Registre du commerce et des soci\u00e9t\u00e9s de Nantes sous le num\u00e9ro 894336346, dont le si\u00e8ge social est situ\u00e9 au 13 Rue de la Botti\u00e8re, 44300 Nantes, France.<\/p>\n\n\n\n<p>Energies Territoiresest joignable via les moyens de contact suivants&nbsp;:<\/p>\n\n\n\n<ul><li>En nous contact via contact@energies-territoires.com<\/li><li>En nous adressant un courrier \u00e0 13 Rue de la Botti\u00e8re, 44300 Nantes, France<\/li><\/ul>\n\n\n\n<p>Vous pouvez \u00e9galement contacter notre DPO Luc PAYEN, \u00e0 l\u2019adresse suivante 13 rue de la bottiere 44300 Nantes ou&nbsp; en envoyant un email \u00e0&nbsp; contact@energies-territoires.com<\/p>\n\n\n\n<h1><a>2-&nbsp;&nbsp;&nbsp; <u>Quand sont collect\u00e9es vos donn\u00e9es personnelles ?<\/u><\/a><\/h1>\n\n\n\n<p>Nous recevons et traitons un certain nombre d\u2019informations, pouvant inclure des donn\u00e9es \u00e0 caract\u00e8re personnel vous concernant lorsque vous acc\u00e9dez et utiliser notre site selon diff\u00e9rents moyens&nbsp;:<\/p>\n\n\n\n<ul><li>Lorsque vous nous fournissez directement vos donn\u00e9es personnelles en remplissant un formulaire d\u2019inscription ou de contact pr\u00e9vu \u00e0 cet effet sur notre site&nbsp;<\/li><\/ul>\n\n\n\n<ul><li>Lorsque vous liez votre compte sur le site&nbsp; \u00e0 un compte ouvert sur un site ou r\u00e9seau social tiers ou dans les limites toutefois permises par les param\u00e8tres de confidentialit\u00e9 que vous aurez d\u00e9finis sur ce site ou r\u00e9seau social tiers.<\/li><\/ul>\n\n\n\n<p>Via les fichiers journaux de nos serveurs et via nos outils et technologies de suivi de type \u00a0\u00bb&nbsp;cookies&nbsp;\u00a0\u00bb pr\u00e9sents sur notre site, nous suivons votre activit\u00e9 et la fa\u00e7on dont vous utilisez notre site.<\/p>\n\n\n\n<h1><a>3-&nbsp;&nbsp;&nbsp;&nbsp; <u>Traitements de donn\u00e9es personnelles r\u00e9alis\u00e9s par <\/u><\/a>&nbsp;Energies Territoires<\/h1>\n\n\n\n<p>Nous collectons les donn\u00e9es suivantes &nbsp;nom prenom<br>mail<br>adresse IP<\/p>\n\n\n\n<figure class=\"wp-block-table\"><table><tbody><tr><td><strong><u>Pourquoi collectons-nous vos donn\u00e9es personnelles&nbsp;?<\/u><\/strong><\/td><td><strong><u>Quelles sont les cat\u00e9gories de donn\u00e9es personnelles que nous collectons \u00e0 cette fin&nbsp;?<\/u><\/strong><\/td><td><strong><u>Quelle est la base juridique nous autorisant \u00e0 collecter vos donn\u00e9es personnelles pour une telle finalit\u00e9&nbsp;?<\/u><\/strong><\/td><\/tr><\/tbody><\/table><\/figure>\n\n\n\n<figure class=\"wp-block-table\"><table><tbody><tr><td>Nous collectons vos donn\u00e9es personnelles afin de vous identifier lors de l\u2019utilisation de notre site et afin de vous adresser des messages li\u00e9s \u00e0 la bonne administration de notre site (ex&nbsp;: confirmation d\u2019inscription, modification du site ou des conditions d\u2019utilisation etc\u2026)<\/td><td><strong>&nbsp;&nbsp;&nbsp;&nbsp;&nbsp; Donn\u00e9es d\u2019identification<\/strong> <strong>&nbsp;<\/strong> <strong>&nbsp;&nbsp; Donn\u00e9es de<\/strong> <strong>&nbsp;&nbsp;&nbsp;&nbsp; connexion<\/strong><\/td><td>Ce traitement a pour base juridique l\u2019ex\u00e9cution du contrat nous liant lors de votre acceptation de nos conditions g\u00e9n\u00e9rales au moment de la validation du formulaire de contact<\/td><\/tr><\/tbody><\/table><\/figure>\n\n\n\n<figure class=\"wp-block-table\"><table><tbody><tr><td>Nous collectons vos donn\u00e9es personnelles afin de <strong>facturer<\/strong> et vous livrer votre commande.<\/td><td><strong>&nbsp;&nbsp;&nbsp;&nbsp;&nbsp; Donn\u00e9es d\u2019identification<\/strong> <strong>&nbsp;<\/strong> <strong><u><\/u><\/strong><\/td><td>Ce traitement a pour base juridique l\u2019ex\u00e9cution du contrat nous liant lors de votre acceptation de nos conditions g\u00e9n\u00e9rales au moment de la validation du formulaire de contact<\/td><\/tr><\/tbody><\/table><\/figure>\n\n\n\n<h1><a>4-&nbsp;&nbsp;&nbsp; <u>Destinataires des donn\u00e9es personnelles<\/u><\/a><\/h1>\n\n\n\n<p>En notre qualit\u00e9 de responsable de traitement, nous serons les premiers destinataires de vos donn\u00e9es personnelles. Vos donn\u00e9es seront plus sp\u00e9cifiquement trait\u00e9es par le personnel suivant au sein de Energies Territoires : &#8211;<\/p>\n\n\n\n<p>Nous pouvons par ailleurs \u00eatre amen\u00e9s \u00e0 partager vos donn\u00e9es personnelles \u00e0 des tiers dans les situations suivantes&nbsp;:<\/p>\n\n\n\n<ul><li>Vos donn\u00e9es personnelles pourront \u00eatre communiqu\u00e9es le cas \u00e9ch\u00e9ant aux autorit\u00e9s de police (sur r\u00e9quisition judiciaire) ou \u00e0 toute personne habilit\u00e9e judiciairement \u00e0 recevoir ces informations (sur ordonnance du juge).<\/li><\/ul>\n\n\n\n<h1><a>5-&nbsp;&nbsp;&nbsp; <u>Comment seront h\u00e9berg\u00e9es vos donn\u00e9es&nbsp;personnelles ?<\/u><\/a><\/h1>\n\n\n\n<p>Nous veillons \u00e0 s\u00e9curiser les donn\u00e9es personnelles de mani\u00e8re ad\u00e9quate et appropri\u00e9e et avons pris les pr\u00e9cautions utiles afin de pr\u00e9server et faire pr\u00e9server par nos sous-traitants h\u00e9bergeurs la s\u00e9curit\u00e9 et la confidentialit\u00e9 des donn\u00e9es et notamment emp\u00eacher qu\u2019elles ne soient d\u00e9form\u00e9es, endommag\u00e9es ou communiqu\u00e9es \u00e0 des personnes non autoris\u00e9es.<\/p>\n\n\n\n<p>Vos donn\u00e9es sont h\u00e9berg\u00e9es chez GMAIL, dont le si\u00e8ge sociale se trouve 38 avenue de l&rsquo;Op\u00e9ra, 75002 Paris.<\/p>\n\n\n\n<p>&nbsp;L\u2019ensemble des donn\u00e9es personnelles collect\u00e9es sont h\u00e9berg\u00e9es en Europe ou dans des pays reconnus par la Commission Europ\u00e9enne comme b\u00e9n\u00e9ficiant d\u2019une protection ad\u00e9quate des donn\u00e9es \u00e0 caract\u00e8re personnel.&nbsp;<\/p>\n\n\n\n<h1><a>6-&nbsp;&nbsp;&nbsp; <u>Dur\u00e9e de conservation du traitement de donn\u00e9es personnelles<\/u><\/a><\/h1>\n\n\n\n<p>Toute donn\u00e9e personnelle sera d\u00e9truite imm\u00e9diatement \u00e0 compter de la finalisation de la commande.<\/p>\n\n\n\n<p>Vos donn\u00e9es personnelles seront \u00e9galement d\u00e9truites si vous ne vous \u00eates pas connect\u00e9 \u00e0 votre compte utilisateur pendant une p\u00e9riode de plus six (6) mois.&nbsp;<\/p>\n\n\n\n<p>Elles seront ensuite archiv\u00e9es sur des bases de donn\u00e9es distinctes afin de r\u00e9pondre \u00e0 nos obligations l\u00e9gales pour une dur\u00e9e ne pouvant exc\u00e9der cinq (5) ans \u00e0 compter de leur archivage.<\/p>\n\n\n\n<h1><a>7-&nbsp;&nbsp;&nbsp; <u>Exercice des droits l\u00e9gaux<\/u><\/a><\/h1>\n\n\n\n<p>Conform\u00e9ment \u00e0 la r\u00e9glementation europ\u00e9enne en mati\u00e8re de protections des donn\u00e9es \u00e0 caract\u00e8re personnel, vous b\u00e9n\u00e9ficiez des droits suivants&nbsp;:<\/p>\n\n\n\n<ul><li>Un droit d\u2019acc\u00e8s vous permettant \u00e0 tout moment de savoir si vos donn\u00e9es personnelles sont ou ne sont pas trait\u00e9es par nos services et lorsqu\u2019elles le sont, d\u2019avoir acc\u00e8s auxdites donn\u00e9es personnelles et aux informations requises par la loi concernant les modalit\u00e9s de traitement de ces donn\u00e9es,<\/li><\/ul>\n\n\n\n<ul><li>Un droit de rectification vous permettant, de demander \u00e0 ce que soient corrig\u00e9es dans les meilleurs d\u00e9lais toute inexactitude concernant les donn\u00e9es personnelles vous concernant,<\/li><\/ul>\n\n\n\n<ul><li>Un droit \u00e0 l\u2019effacement, vous permettant de demander dans les meilleurs d\u00e9lais \u00e0 ce que vos donn\u00e9es personnelles soient effac\u00e9es, sous r\u00e9serve que cette demande d\u2019effacement respecte les conditions requises par la loi applicable,<\/li><\/ul>\n\n\n\n<ul><li>Un droit \u00e0 la limitation du traitement de vos donn\u00e9es personnelles, sous r\u00e9serve que cette demande de limitation respecte les conditions requises par la loi applicable,<\/li><\/ul>\n\n\n\n<ul><li>Un droit \u00e0 la portabilit\u00e9 vous permettant de recevoir vos donn\u00e9es personnelles dans un format structur\u00e9, couramment utilis\u00e9 et lisible par machine, ou \u00e0 demander que ces donn\u00e9es personnelles soit transmises \u00e0 un autre responsable de traitement, sous r\u00e9serve que cette demande de portabilit\u00e9 respecte les conditions requises par la loi applicable,<\/li><\/ul>\n\n\n\n<ul><li>Un droit d\u2019opposition au traitement de vos donn\u00e9es personnelles pour des raisons tenant \u00e0 votre situation particuli\u00e8re sous r\u00e9serve que cette opposition respecte les conditions requises par la loi applicable,<\/li><\/ul>\n\n\n\n<ul><li>Le droit de retirer \u00e0 tout moment le consentement sp\u00e9cifique donn\u00e9 \u00e0 la collecte de vos donn\u00e9es personnelles, notamment lorsque le traitement de vos donn\u00e9es personnelles sert \u00e0 des fins de prospection commerciale,<\/li><\/ul>\n\n\n\n<ul><li>Le droit de d\u00e9finir des directives relatives \u00e0 la conservation, \u00e0 l&rsquo;effacement et \u00e0 la communication de vos donn\u00e9es \u00e0 caract\u00e8re personnel \u00e0 compter de votre d\u00e9c\u00e8s.<\/li><\/ul>\n\n\n\n<p>Ces droits pourront \u00eatre exerc\u00e9s en nous contactant directement&nbsp;&nbsp; en utilisant le formulaire de contact suivant&nbsp;: www.energies-territoires.com . En ce qui concerne le retrait de votre consentement \u00e0 des fins de prospection commerciale, un lien de d\u00e9sinscription sera \u00e9galement fourni dans toute sollicitation commerciale vous \u00e9tant directement adress\u00e9e.<\/p>\n\n\n\n<p>Les r\u00e9clamations relatives \u00e0 l\u2019utilisation de vos donn\u00e9es personnelles peuvent le cas \u00e9ch\u00e9ant \u00e9galement \u00eatre adress\u00e9es \u00e0 la Commission Nationale de l\u2019Informatique et des Libert\u00e9s, 3 Place de Fontenoy &#8211; TSA 80715 &#8211; 75334 PARIS CEDEX<\/p>\n","protected":false},"excerpt":{"rendered":"<p>POLITIQUE DE CONFIDENTIALITE Energies Territoires La pr\u00e9sente politique de confidentialit\u00e9 a pour vocation de vous aider \u00e0 comprendre comment sont collect\u00e9es, trait\u00e9es et conserv\u00e9es vos donn\u00e9es personnelles par Energies Territoires. La liste ci-dessous reproduit les diff\u00e9rentes sections de de cette politique de confidentialit\u00e9, vous pouvez cliquer directement sur les titres [&hellip;]<\/p>\n","protected":false},"author":1,"featured_media":0,"parent":0,"menu_order":0,"comment_status":"closed","ping_status":"open","template":"","meta":[],"wppr_data":{"cwp_meta_box_check":"No"},"_links":{"self":[{"href":"https:\/\/www.energies-territoires.com\/index.php\/wp-json\/wp\/v2\/pages\/3"}],"collection":[{"href":"https:\/\/www.energies-territoires.com\/index.php\/wp-json\/wp\/v2\/pages"}],"about":[{"href":"https:\/\/www.energies-territoires.com\/index.php\/wp-json\/wp\/v2\/types\/page"}],"author":[{"embeddable":true,"href":"https:\/\/www.energies-territoires.com\/index.php\/wp-json\/wp\/v2\/users\/1"}],"replies":[{"embeddable":true,"href":"https:\/\/www.energies-territoires.com\/index.php\/wp-json\/wp\/v2\/comments?post=3"}],"version-history":[{"count":3,"href":"https:\/\/www.energies-territoires.com\/index.php\/wp-json\/wp\/v2\/pages\/3\/revisions"}],"predecessor-version":[{"id":63,"href":"https:\/\/www.energies-territoires.com\/index.php\/wp-json\/wp\/v2\/pages\/3\/revisions\/63"}],"wp:attachment":[{"href":"https:\/\/www.energies-territoires.com\/index.php\/wp-json\/wp\/v2\/media?parent=3"}],"curies":[{"name":"wp","href":"https:\/\/api.w.org\/{rel}","templated":true}]}}